{"id":52,"date":"2025-01-21T04:50:20","date_gmt":"2025-01-21T04:50:20","guid":{"rendered":"https:\/\/saasify.themejunction.net\/?page_id=52"},"modified":"2025-06-05T08:25:24","modified_gmt":"2025-06-05T08:25:24","slug":"contact","status":"publish","type":"page","link":"https:\/\/floova.fr\/?page_id=52","title":{"rendered":"Contact"},"content":{"rendered":"\t\t<div data-elementor-type=\"wp-page\" data-elementor-id=\"52\" class=\"elementor elementor-52\">\n\t\t\t\t<div class=\"elementor-element elementor-element-495e053 e-con-full e-flex e-con e-parent\" data-id=\"495e053\" data-element_type=\"container\" data-e-type=\"container\">\n\t\t\t\t<div class=\"elementor-element elementor-element-07cfa54 elementor-widget elementor-widget-tj-page-header\" data-id=\"07cfa54\" data-element_type=\"widget\" data-e-type=\"widget\" data-widget_type=\"tj-page-header.default\">\n\t\t\t\t<div class=\"elementor-widget-container\">\n\t\t\t\t\t\n\n<section class=\"breadcrumb-wrapper background-image\" data-bg-image=&#039;https:\/\/saasify.themejunction.net\/wp-content\/uploads\/2025\/01\/breadcrumb-bg.png&#039;>\n  <div class=\"container\">\n    <div class=\"row\">\n      <div class=\"col-12\">\n        <div class=\"breadcrumb_content\">\n\n                      <!-- title -->\n            <div class=\"breadcrumb-heading \">\n              <h1 class=\"breadcrumb-title\">Contact<\/h1>            <\/div>\n          \n                        <!-- navigation -->\n              <div class=\"breadcrumb-link\">\n                <span property=\"itemListElement\" typeof=\"ListItem\"><a property=\"item\" typeof=\"WebPage\" title=\"Aller \u00e0 Accueil.\" href=\"https:\/\/floova.fr\" class=\"home\" ><span property=\"name\">Accueil<\/span><\/a><meta property=\"position\" content=\"1\"><\/span> &gt; <span property=\"itemListElement\" typeof=\"ListItem\"><a property=\"item\" typeof=\"WebPage\" title=\"Aller \u00e0 Blog.\" href=\"https:\/\/floova.fr\/?page_id=49\" class=\"post-root post post-post\" aria-current=\"page\"><span property=\"name\">Blog<\/span><\/a><meta property=\"position\" content=\"2\"><\/span>              <\/div>\n                  <\/div>\n      <\/div>\n    <\/div>\n  <\/div>\n<\/section>\n\n\t\t\t\t<\/div>\n\t\t\t\t<\/div>\n\t\t\t\t<\/div>\n\t\t<div class=\"elementor-element elementor-element-27dc7d7 e-flex e-con-boxed e-con e-parent\" data-id=\"27dc7d7\" data-element_type=\"container\" data-e-type=\"container\" data-settings=\"{&quot;background_background&quot;:&quot;classic&quot;}\">\n\t\t\t\t\t<div class=\"e-con-inner\">\n\t\t\t\t<div class=\"elementor-element elementor-element-5753652 elementor-absolute elementor-hidden-tablet elementor-hidden-mobile elementor-widget elementor-widget-image\" data-id=\"5753652\" data-element_type=\"widget\" data-e-type=\"widget\" data-settings=\"{&quot;_position&quot;:&quot;absolute&quot;}\" data-widget_type=\"image.default\">\n\t\t\t\t<div class=\"elementor-widget-container\">\n\t\t\t\t\t\t\t\t\t\t\t\t\t\t\t<img fetchpriority=\"high\" decoding=\"async\" width=\"654\" height=\"762\" src=\"https:\/\/floova.fr\/wp-content\/uploads\/2025\/01\/h1-contact-shape-left.png\" class=\"attachment-full size-full wp-image-516\" alt=\"\" srcset=\"https:\/\/floova.fr\/wp-content\/uploads\/2025\/01\/h1-contact-shape-left.png 654w, https:\/\/floova.fr\/wp-content\/uploads\/2025\/01\/h1-contact-shape-left-257x300.png 257w\" sizes=\"(max-width: 654px) 100vw, 654px\" \/>\t\t\t\t\t\t\t\t\t\t\t\t\t\t\t<\/div>\n\t\t\t\t<\/div>\n\t\t\t\t<div class=\"elementor-element elementor-element-2dd4d4b elementor-absolute pulse elementor-hidden-mobile elementor-widget elementor-widget-image\" data-id=\"2dd4d4b\" data-element_type=\"widget\" data-e-type=\"widget\" data-settings=\"{&quot;_position&quot;:&quot;absolute&quot;}\" data-widget_type=\"image.default\">\n\t\t\t\t<div class=\"elementor-widget-container\">\n\t\t\t\t\t\t\t\t\t\t\t\t\t\t\t<img decoding=\"async\" width=\"230\" height=\"140\" src=\"https:\/\/floova.fr\/wp-content\/uploads\/2025\/01\/h1-contact-dots.png\" class=\"attachment-full size-full wp-image-517\" alt=\"\" \/>\t\t\t\t\t\t\t\t\t\t\t\t\t\t\t<\/div>\n\t\t\t\t<\/div>\n\t\t<div class=\"elementor-element elementor-element-648bb63 e-con-full e-flex e-con e-child\" data-id=\"648bb63\" data-element_type=\"container\" data-e-type=\"container\">\n\t\t\t\t<div class=\"elementor-element elementor-element-1e68b2a tj_section_align elementor-align-left elementor-widget elementor-widget-tj-section-title\" data-id=\"1e68b2a\" data-element_type=\"widget\" data-e-type=\"widget\" data-widget_type=\"tj-section-title.default\">\n\t\t\t\t<div class=\"elementor-widget-container\">\n\t\t\t\t\t\n<div class=\"tj-sec-heading\">\n\n  \n  <h2 class=\"title\">\ud83d\udce8 Formulaire de contact<\/h2><\/div>\n\n\t\t\t\t<\/div>\n\t\t\t\t<\/div>\n\t\t\t\t<div class=\"elementor-element elementor-element-141fd8d elementor-widget elementor-widget-tj-text\" data-id=\"141fd8d\" data-element_type=\"widget\" data-e-type=\"widget\" data-widget_type=\"tj-text.default\">\n\t\t\t\t<div class=\"elementor-widget-container\">\n\t\t\t\t\t      <div class=\"editor_text\"><p><span style=\"font-weight: 400\">Veuillez remplir le formulaire ci-dessous, et nous vous r\u00e9pondrons dans les plus brefs d\u00e9lais :<\/span><\/p><\/div>\n\t\t\t\t<\/div>\n\t\t\t\t<\/div>\n\t\t\t\t<div class=\"elementor-element elementor-element-561012b elementor-absolute elementor-hidden-mobile elementor-widget elementor-widget-tj-shaped-image\" data-id=\"561012b\" data-element_type=\"widget\" data-e-type=\"widget\" data-settings=\"{&quot;_position&quot;:&quot;absolute&quot;}\" data-widget_type=\"tj-shaped-image.default\">\n\t\t\t\t<div class=\"elementor-widget-container\">\n\t\t\t\t\t\n  <div class=\"tj-image-box\">\n    <div class=\"image_box_inner\">\n      <img decoding=\"async\" src=\"https:\/\/saasify.themejunction.net\/wp-content\/uploads\/2025\/01\/h1-contact-img.jpg\" alt=\"\" \/>\n    <\/div>\n  <\/div>\n\t\t\t\t<\/div>\n\t\t\t\t<\/div>\n\t\t\t\t<div class=\"elementor-element elementor-element-5cc0a83 elementor-hidden-desktop elementor-hidden-tablet elementor-widget elementor-widget-tj-shaped-image\" data-id=\"5cc0a83\" data-element_type=\"widget\" data-e-type=\"widget\" data-widget_type=\"tj-shaped-image.default\">\n\t\t\t\t<div class=\"elementor-widget-container\">\n\t\t\t\t\t\n  <div class=\"tj-image-box\">\n    <div class=\"image_box_inner\">\n      <img decoding=\"async\" src=\"https:\/\/saasify.themejunction.net\/wp-content\/uploads\/2025\/01\/h1-contact-img.jpg\" alt=\"\" \/>\n    <\/div>\n  <\/div>\n\t\t\t\t<\/div>\n\t\t\t\t<\/div>\n\t\t\t\t<\/div>\n\t\t<div class=\"elementor-element elementor-element-6c7baac e-con-full e-flex e-con e-child\" data-id=\"6c7baac\" data-element_type=\"container\" data-e-type=\"container\">\n\t\t\t\t<div class=\"elementor-element elementor-element-32f8940 elementor-widget elementor-widget-tj-form\" data-id=\"32f8940\" data-element_type=\"widget\" data-e-type=\"widget\" data-widget_type=\"tj-form.default\">\n\t\t\t\t<div class=\"elementor-widget-container\">\n\t\t\t\t\t\n\n\n<div class=\"tj_form\">\n  <div class=\"tj_form_inner\">\n          \n<div class=\"wpcf7 no-js\" id=\"wpcf7-f1987-o1\" lang=\"en-US\" dir=\"ltr\" data-wpcf7-id=\"1987\">\n<div class=\"screen-reader-response\"><p role=\"status\" aria-live=\"polite\" aria-atomic=\"true\"><\/p> <ul><\/ul><\/div>\n<form action=\"\/index.php?rest_route=%2Fwp%2Fv2%2Fpages%2F52#wpcf7-f1987-o1\" method=\"post\" class=\"wpcf7-form init\" aria-label=\"Contact form\" novalidate=\"novalidate\" data-status=\"init\">\n<fieldset class=\"hidden-fields-container\"><input type=\"hidden\" name=\"_wpcf7\" value=\"1987\" \/><input type=\"hidden\" name=\"_wpcf7_version\" value=\"6.1.5\" \/><input type=\"hidden\" name=\"_wpcf7_locale\" value=\"en_US\" \/><input type=\"hidden\" name=\"_wpcf7_unit_tag\" value=\"wpcf7-f1987-o1\" \/><input type=\"hidden\" name=\"_wpcf7_container_post\" value=\"0\" \/><input type=\"hidden\" name=\"_wpcf7_posted_data_hash\" value=\"\" \/>\n<\/fieldset>\n<div class=\"form-input\">\n  <i class=\"tji-user\"><\/i>\n<span class=\"wpcf7-form-control-wrap\" data-name=\"fname\"><input size=\"40\" maxlength=\"400\" class=\"wpcf7-form-control wpcf7-text wpcf7-validates-as-required fname\" aria-required=\"true\" aria-invalid=\"false\" placeholder=\"Nom et pr\u00e9nom\" value=\"\" type=\"text\" name=\"fname\" \/><\/span><\/div>\n<div class=\"form-input\">\n  <i class=\"tji-mail\"><\/i>\n<span class=\"wpcf7-form-control-wrap\" data-name=\"email\"><input size=\"40\" maxlength=\"400\" class=\"wpcf7-form-control wpcf7-email wpcf7-validates-as-required wpcf7-text wpcf7-validates-as-email email\" aria-required=\"true\" aria-invalid=\"false\" placeholder=\"Adresse e-mail\" value=\"\" type=\"email\" name=\"email\" \/><\/span>\n<\/div>\n<div class=\"form-input\">\n  <i class=\"tji-telephone\"><\/i>\n<span class=\"wpcf7-form-control-wrap\" data-name=\"phone\"><input size=\"40\" maxlength=\"400\" class=\"wpcf7-form-control wpcf7-tel wpcf7-text wpcf7-validates-as-tel phone\" aria-invalid=\"false\" placeholder=\"T\u00e9l\u00e9phone\" value=\"\" type=\"tel\" name=\"phone\" \/><\/span>\n<\/div>\n\n<div class=\"form-input\">\n  <i class=\"tji-assessment\"><\/i>\n<span class=\"wpcf7-form-control-wrap\" data-name=\"Demande\"><select class=\"wpcf7-form-control wpcf7-select wpcf7-validates-as-required\" aria-required=\"true\" aria-invalid=\"false\" name=\"Demande\"><option value=\"Demande d&#039;information\">Demande d&#039;information<\/option><option value=\"Support technique\">Support technique<\/option><option value=\"Demande de d\u00e9monstration\">Demande de d\u00e9monstration<\/option><option value=\"Autre\">Autre<\/option><\/select><\/span>\n  \n<\/div>\n\n<div class=\"form-input\">\n<span class=\"wpcf7-form-control-wrap\" data-name=\"message\"><textarea cols=\"40\" rows=\"10\" maxlength=\"2000\" class=\"wpcf7-form-control wpcf7-textarea wpcf7-validates-as-required message\" aria-required=\"true\" aria-invalid=\"false\" placeholder=\"Comment pouvons-nous vous aider\u00a0? N&#039;h\u00e9sitez pas \u00e0 nous contacter\u00a0!\" name=\"message\"><\/textarea><\/span>\n<\/div>\n\n<div class=\"form-submit\">\n  <button class=\"tj-primary-btn\" type=\"submit\" value=\"submit\">\n    Contactez-nous\n  <\/button>\n<\/div>\n<div class=\"form-rgpd\"><br>\n  <p style=\"font-size: 0.85em; color: #666; margin-top: 10px; font-style: italic;\">\n Conform\u00e9ment au RGPD, vos donn\u00e9es ne seront utilis\u00e9es que pour traiter votre demande. Elles ne seront ni partag\u00e9es ni revendues.  <\/p>\n<\/div><div class=\"wpcf7-response-output\" aria-hidden=\"true\"><\/div>\n<\/form>\n<\/div>\n        <div class=\"clearfix\"><\/div>\n  <\/div>\n<\/div>\n\n\t\t\t\t<\/div>\n\t\t\t\t<\/div>\n\t\t\t\t<\/div>\n\t\t\t\t\t<\/div>\n\t\t\t\t<\/div>\n\t\t\t\t<\/div>\n\t\t","protected":false},"excerpt":{"rendered":"<p>Contact Accueil &gt; Blog \ud83d\udce8 Formulaire de contact Veuillez remplir le formulaire ci-dessous, et nous vous r\u00e9pondrons dans les plus brefs d\u00e9lais : Demande d&#039;informationSupport techniqueDemande de d\u00e9monstrationAutre Contactez-nous Conform\u00e9ment au RGPD, vos donn\u00e9es ne seront utilis\u00e9es que pour traiter votre demande. Elles ne seront ni partag\u00e9es ni revendues.<\/p>\n","protected":false},"author":1,"featured_media":0,"parent":0,"menu_order":0,"comment_status":"closed","ping_status":"closed","template":"elementor_header_footer","meta":{"_acf_changed":false,"_monsterinsights_skip_tracking":false,"_monsterinsights_sitenote_active":false,"_monsterinsights_sitenote_note":"","_monsterinsights_sitenote_category":0,"footnotes":""},"class_list":["post-52","page","type-page","status-publish","hentry"],"acf":[],"aioseo_notices":[],"_links":{"self":[{"href":"https:\/\/floova.fr\/index.php?rest_route=\/wp\/v2\/pages\/52","targetHints":{"allow":["GET"]}}],"collection":[{"href":"https:\/\/floova.fr\/index.php?rest_route=\/wp\/v2\/pages"}],"about":[{"href":"https:\/\/floova.fr\/index.php?rest_route=\/wp\/v2\/types\/page"}],"author":[{"embeddable":true,"href":"https:\/\/floova.fr\/index.php?rest_route=\/wp\/v2\/users\/1"}],"replies":[{"embeddable":true,"href":"https:\/\/floova.fr\/index.php?rest_route=%2Fwp%2Fv2%2Fcomments&post=52"}],"version-history":[{"count":25,"href":"https:\/\/floova.fr\/index.php?rest_route=\/wp\/v2\/pages\/52\/revisions"}],"predecessor-version":[{"id":2554,"href":"https:\/\/floova.fr\/index.php?rest_route=\/wp\/v2\/pages\/52\/revisions\/2554"}],"wp:attachment":[{"href":"https:\/\/floova.fr\/index.php?rest_route=%2Fwp%2Fv2%2Fmedia&parent=52"}],"curies":[{"name":"wp","href":"https:\/\/api.w.org\/{rel}","templated":true}]}}