{"id":988,"date":"2025-01-23T12:06:47","date_gmt":"2025-01-23T12:06:47","guid":{"rendered":"https:\/\/saasify.themejunction.net\/?page_id=988"},"modified":"2025-06-05T08:20:44","modified_gmt":"2025-06-05T08:20:44","slug":"faq","status":"publish","type":"page","link":"https:\/\/floova.fr\/?page_id=988","title":{"rendered":"FAQ"},"content":{"rendered":"\t\t<div data-elementor-type=\"wp-page\" data-elementor-id=\"988\" class=\"elementor elementor-988\">\n\t\t\t\t<div class=\"elementor-element elementor-element-4e44d4a e-con-full e-flex e-con e-parent\" data-id=\"4e44d4a\" data-element_type=\"container\" data-e-type=\"container\">\n\t\t\t\t<div class=\"elementor-element elementor-element-4f3b21f elementor-widget elementor-widget-tj-page-header\" data-id=\"4f3b21f\" data-element_type=\"widget\" data-e-type=\"widget\" data-widget_type=\"tj-page-header.default\">\n\t\t\t\t<div class=\"elementor-widget-container\">\n\t\t\t\t\t\n\n<section class=\"breadcrumb-wrapper background-image\" data-bg-image=&#039;https:\/\/saasify.themejunction.net\/wp-content\/uploads\/2025\/01\/breadcrumb-bg.png&#039;>\n  <div class=\"container\">\n    <div class=\"row\">\n      <div class=\"col-12\">\n        <div class=\"breadcrumb_content\">\n\n                      <!-- title -->\n            <div class=\"breadcrumb-heading \">\n              <h1 class=\"breadcrumb-title\">FAQs<\/h1>            <\/div>\n          \n                        <!-- navigation -->\n              <div class=\"breadcrumb-link\">\n                <span property=\"itemListElement\" typeof=\"ListItem\"><a property=\"item\" typeof=\"WebPage\" title=\"Aller \u00e0 Accueil.\" href=\"https:\/\/floova.fr\" class=\"home\" ><span property=\"name\">Accueil<\/span><\/a><meta property=\"position\" content=\"1\"><\/span> &gt; <span property=\"itemListElement\" typeof=\"ListItem\"><a property=\"item\" typeof=\"WebPage\" title=\"Aller \u00e0 Blog.\" href=\"https:\/\/floova.fr\/?page_id=49\" class=\"post-root post post-post\" aria-current=\"page\"><span property=\"name\">Blog<\/span><\/a><meta property=\"position\" content=\"2\"><\/span>              <\/div>\n                  <\/div>\n      <\/div>\n    <\/div>\n  <\/div>\n<\/section>\n\n\t\t\t\t<\/div>\n\t\t\t\t<\/div>\n\t\t\t\t<\/div>\n\t\t<div class=\"elementor-element elementor-element-627ec38 e-flex e-con-boxed e-con e-parent\" data-id=\"627ec38\" data-element_type=\"container\" data-e-type=\"container\">\n\t\t\t\t\t<div class=\"e-con-inner\">\n\t\t<div class=\"elementor-element elementor-element-3594917 e-con-full e-flex e-con e-child\" data-id=\"3594917\" data-element_type=\"container\" data-e-type=\"container\">\n\t\t\t\t<div class=\"elementor-element elementor-element-67098e6 tj_section_align elementor-align-left elementor-widget elementor-widget-tj-section-title\" data-id=\"67098e6\" data-element_type=\"widget\" data-e-type=\"widget\" data-widget_type=\"tj-section-title.default\">\n\t\t\t\t<div class=\"elementor-widget-container\">\n\t\t\t\t\t\n<div class=\"tj-sec-heading\">\n\n      <span class=\"sub-title\">\n      Vous avez une question ?    <\/span>\n  \n  <h2 class=\"title\">\u2753 FAQ \u2013 Questions fr\u00e9quentes Floova<\/h2><\/div>\n\n\t\t\t\t<\/div>\n\t\t\t\t<\/div>\n\t\t\t\t<div class=\"elementor-element elementor-element-0f2af0b elementor-widget elementor-widget-tj-text\" data-id=\"0f2af0b\" data-element_type=\"widget\" data-e-type=\"widget\" data-widget_type=\"tj-text.default\">\n\t\t\t\t<div class=\"elementor-widget-container\">\n\t\t\t\t\t      <div class=\"editor_text\"><p>Nous avons rassembl\u00e9 ici les r\u00e9ponses aux questions les plus fr\u00e9quentes concernant Floova. Que ce soit sur le fonctionnement de notre service, les options disponibles ou l'assistance client, cette section est l\u00e0 pour vous guider rapidement et simplement.<\/p><\/div>\n\t\t\t\t<\/div>\n\t\t\t\t<\/div>\n\t\t\t\t<div class=\"elementor-element elementor-element-d4fe977 shake-y elementor-widget elementor-widget-tj-shaped-image\" data-id=\"d4fe977\" data-element_type=\"widget\" data-e-type=\"widget\" data-widget_type=\"tj-shaped-image.default\">\n\t\t\t\t<div class=\"elementor-widget-container\">\n\t\t\t\t\t  <div class=\"tj-faq_img\">\n    <img decoding=\"async\" class=\"\" src=\"https:\/\/saasify.themejunction.net\/wp-content\/uploads\/2025\/01\/h2-faq-img.jpg\" alt=\"\" \/>\n  <\/div>\n\t\t\t\t<\/div>\n\t\t\t\t<\/div>\n\t\t\t\t<\/div>\n\t\t<div class=\"elementor-element elementor-element-ba4a44c e-con-full e-flex e-con e-child\" data-id=\"ba4a44c\" data-element_type=\"container\" data-e-type=\"container\">\n\t\t\t\t<div class=\"elementor-element elementor-element-3e99cca elementor-widget elementor-widget-tj-accordion\" data-id=\"3e99cca\" data-element_type=\"widget\" data-e-type=\"widget\" data-widget_type=\"tj-accordion.default\">\n\t\t\t\t<div class=\"elementor-widget-container\">\n\t\t\t\t\t\n  <div class=\"tj-faq-area\">\n    <div class=\"accordion tj-faq-style\" id=\"accordionExample-3e99cca\">\n              <div class=\"accordion-item\">\n          <h2 class=\"accordion-header active\">\n            <!-- button -->\n            <button\n              class=\"accordion-button \"\n              data-bs-toggle=\"collapse\"\n              data-bs-target=\"#collapseOne-3e99cca-1\"\n              aria-expanded=\"true\">\n              \ud83d\udd39 Floova est-il adapt\u00e9 \u00e0 mon m\u00e9tier ?            <\/button>\n          <\/h2>\n\n          <!-- content -->\n          <div id=\"collapseOne-3e99cca-1\"\n            class=\"accordion-collapse collapse show\"\n            data-bs-parent=\"#accordionExample-3e99cca\">\n            <div class=\"accordion-body\">\n              <strong>Oui. Floova est une solution modulaire utilis\u00e9e par des entreprises dans le n\u00e9goce, le transport, les travaux publics, les services, le e-commerce, etc. Vous activez uniquement les modules dont vous avez besoin.<\/strong>\n            <\/div>\n          <\/div>\n        <\/div>\n              <div class=\"accordion-item\">\n          <h2 class=\"accordion-header \">\n            <!-- button -->\n            <button\n              class=\"accordion-button collapsed\"\n              data-bs-toggle=\"collapse\"\n              data-bs-target=\"#collapseOne-3e99cca-2\"\n              aria-expanded=\"false\">\n              \ud83d\udd39 Quels sont les modules inclus dans Floova ?            <\/button>\n          <\/h2>\n\n          <!-- content -->\n          <div id=\"collapseOne-3e99cca-2\"\n            class=\"accordion-collapse collapse \"\n            data-bs-parent=\"#accordionExample-3e99cca\">\n            <div class=\"accordion-body\">\n              <strong>Floova propose des modules activables comme : \nCRM \/ Clients \/ Devis \nCommandes \/ Facturation \/ Stock\nAchats \/ Fournisseurs\n\n\nApplication mobile logistique\n\n\nPortail client\n\n\nReporting &amp; automatisations\n Chaque abonnement peut inclure des modules diff\u00e9rents selon vos besoins.<\/strong>\n            <\/div>\n          <\/div>\n        <\/div>\n              <div class=\"accordion-item\">\n          <h2 class=\"accordion-header \">\n            <!-- button -->\n            <button\n              class=\"accordion-button collapsed\"\n              data-bs-toggle=\"collapse\"\n              data-bs-target=\"#collapseOne-3e99cca-3\"\n              aria-expanded=\"false\">\n              \ud83d\udd39 Peut-on tester Floova gratuitement ?            <\/button>\n          <\/h2>\n\n          <!-- content -->\n          <div id=\"collapseOne-3e99cca-3\"\n            class=\"accordion-collapse collapse \"\n            data-bs-parent=\"#accordionExample-3e99cca\">\n            <div class=\"accordion-body\">\n              <strong>Oui. Vous pouvez essayer gratuitement Floova pendant 14 jours avec un acc\u00e8s complet aux fonctionnalit\u00e9s principales (sans carte bancaire).<\/strong>\n            <\/div>\n          <\/div>\n        <\/div>\n              <div class=\"accordion-item\">\n          <h2 class=\"accordion-header \">\n            <!-- button -->\n            <button\n              class=\"accordion-button collapsed\"\n              data-bs-toggle=\"collapse\"\n              data-bs-target=\"#collapseOne-3e99cca-4\"\n              aria-expanded=\"false\">\n              \ud83d\udd39 Floova fonctionne-t-il sur mobile ?            <\/button>\n          <\/h2>\n\n          <!-- content -->\n          <div id=\"collapseOne-3e99cca-4\"\n            class=\"accordion-collapse collapse \"\n            data-bs-parent=\"#accordionExample-3e99cca\">\n            <div class=\"accordion-body\">\n              <strong>Oui. Une application mobile (Android \/ iOS) est incluse pour la pr\u00e9paration des commandes, la livraison et l\u2019inventaire. Le portail web est \u00e9galement 100 % responsive.<\/strong>\n            <\/div>\n          <\/div>\n        <\/div>\n              <div class=\"accordion-item\">\n          <h2 class=\"accordion-header \">\n            <!-- button -->\n            <button\n              class=\"accordion-button collapsed\"\n              data-bs-toggle=\"collapse\"\n              data-bs-target=\"#collapseOne-3e99cca-5\"\n              aria-expanded=\"false\">\n              \ud83d\udd39 Est-ce que Floova permet d\u2019\u00e9mettre des devis et factures ?            <\/button>\n          <\/h2>\n\n          <!-- content -->\n          <div id=\"collapseOne-3e99cca-5\"\n            class=\"accordion-collapse collapse \"\n            data-bs-parent=\"#accordionExample-3e99cca\">\n            <div class=\"accordion-body\">\n              <strong>Absolument. L\u2019offre Pro et Business inclut la cr\u00e9ation de devis personnalis\u00e9s, l\u2019\u00e9mission de factures, les relances, les conditions de r\u00e8glement et l\u2019export comptable.<\/strong>\n            <\/div>\n          <\/div>\n        <\/div>\n              <div class=\"accordion-item\">\n          <h2 class=\"accordion-header \">\n            <!-- button -->\n            <button\n              class=\"accordion-button collapsed\"\n              data-bs-toggle=\"collapse\"\n              data-bs-target=\"#collapseOne-3e99cca-6\"\n              aria-expanded=\"false\">\n              \ud83d\udd39 Puis-je connecter Floova \u00e0 mon logiciel comptable ou site e-commerce ?            <\/button>\n          <\/h2>\n\n          <!-- content -->\n          <div id=\"collapseOne-3e99cca-6\"\n            class=\"accordion-collapse collapse \"\n            data-bs-parent=\"#accordionExample-3e99cca\">\n            <div class=\"accordion-body\">\n              <strong>Oui. Floova propose des connecteurs API et peut s\u2019interfacer avec des logiciels comme Sage, Pennylane, WooCommerce, Prestashop, etc. (via l\u2019offre Business ou sur devis).<\/strong>\n            <\/div>\n          <\/div>\n        <\/div>\n              <div class=\"accordion-item\">\n          <h2 class=\"accordion-header \">\n            <!-- button -->\n            <button\n              class=\"accordion-button collapsed\"\n              data-bs-toggle=\"collapse\"\n              data-bs-target=\"#collapseOne-3e99cca-7\"\n              aria-expanded=\"false\">\n              \ud83d\udd39 Mes donn\u00e9es sont-elles s\u00e9curis\u00e9es ?            <\/button>\n          <\/h2>\n\n          <!-- content -->\n          <div id=\"collapseOne-3e99cca-7\"\n            class=\"accordion-collapse collapse \"\n            data-bs-parent=\"#accordionExample-3e99cca\">\n            <div class=\"accordion-body\">\n              <strong>Oui. Vos donn\u00e9es sont h\u00e9berg\u00e9es en France, sauvegard\u00e9es quotidiennement, prot\u00e9g\u00e9es par chiffrement, et conformes au RGPD. Chaque client dispose de sa propre base de donn\u00e9es s\u00e9curis\u00e9e.<\/strong>\n            <\/div>\n          <\/div>\n        <\/div>\n              <div class=\"accordion-item\">\n          <h2 class=\"accordion-header \">\n            <!-- button -->\n            <button\n              class=\"accordion-button collapsed\"\n              data-bs-toggle=\"collapse\"\n              data-bs-target=\"#collapseOne-3e99cca-8\"\n              aria-expanded=\"false\">\n              \ud83d\udd39 Puis-je ajouter plusieurs utilisateurs ?            <\/button>\n          <\/h2>\n\n          <!-- content -->\n          <div id=\"collapseOne-3e99cca-8\"\n            class=\"accordion-collapse collapse \"\n            data-bs-parent=\"#accordionExample-3e99cca\">\n            <div class=\"accordion-body\">\n              <strong>Oui. Chaque offre inclut un nombre d\u00e9fini d\u2019utilisateurs. Vous pouvez ajouter des utilisateurs suppl\u00e9mentaires \u00e0 tout moment selon votre abonnement.<\/strong>\n            <\/div>\n          <\/div>\n        <\/div>\n              <div class=\"accordion-item\">\n          <h2 class=\"accordion-header \">\n            <!-- button -->\n            <button\n              class=\"accordion-button collapsed\"\n              data-bs-toggle=\"collapse\"\n              data-bs-target=\"#collapseOne-3e99cca-9\"\n              aria-expanded=\"false\">\n              \ud83d\udd39 Est-ce qu\u2019on peut personnaliser les documents (PDF, factures) ?            <\/button>\n          <\/h2>\n\n          <!-- content -->\n          <div id=\"collapseOne-3e99cca-9\"\n            class=\"accordion-collapse collapse \"\n            data-bs-parent=\"#accordionExample-3e99cca\">\n            <div class=\"accordion-body\">\n              <strong>Oui. Dans l\u2019offre Business et Entreprise, vous pouvez personnaliser l\u2019apparence de vos documents : logo, mentions l\u00e9gales, pied de page, etc.<\/strong>\n            <\/div>\n          <\/div>\n        <\/div>\n              <div class=\"accordion-item\">\n          <h2 class=\"accordion-header \">\n            <!-- button -->\n            <button\n              class=\"accordion-button collapsed\"\n              data-bs-toggle=\"collapse\"\n              data-bs-target=\"#collapseOne-3e99cca-10\"\n              aria-expanded=\"false\">\n              \ud83d\udd39 Floova peut-il g\u00e9rer plusieurs entit\u00e9s juridiques (multi-soci\u00e9t\u00e9) ?            <\/button>\n          <\/h2>\n\n          <!-- content -->\n          <div id=\"collapseOne-3e99cca-10\"\n            class=\"accordion-collapse collapse \"\n            data-bs-parent=\"#accordionExample-3e99cca\">\n            <div class=\"accordion-body\">\n              <strong>Oui. L\u2019offre Entreprise permet de g\u00e9rer plusieurs soci\u00e9t\u00e9s, bases clients, documents et reportings distincts sous un m\u00eame compte central.<\/strong>\n            <\/div>\n          <\/div>\n        <\/div>\n          <\/div>\n  <\/div>\n\n\n\t\t\t\t<\/div>\n\t\t\t\t<\/div>\n\t\t\t\t<\/div>\n\t\t\t\t\t<\/div>\n\t\t\t\t<\/div>\n\t\t\t\t<\/div>\n\t\t","protected":false},"excerpt":{"rendered":"<p>FAQs Accueil &gt; Blog Vous avez une question ? \u2753 FAQ \u2013 Questions fr\u00e9quentes Floova Nous avons rassembl\u00e9 ici les r\u00e9ponses aux questions les plus fr\u00e9quentes concernant Floova. Que ce soit sur le fonctionnement de notre service, les options disponibles ou l&rsquo;assistance client, cette section est l\u00e0 pour vous guider rapidement et simplement. \ud83d\udd39 Floova [&hellip;]<\/p>\n","protected":false},"author":1,"featured_media":0,"parent":0,"menu_order":0,"comment_status":"closed","ping_status":"closed","template":"elementor_header_footer","meta":{"_acf_changed":false,"_monsterinsights_skip_tracking":false,"_monsterinsights_sitenote_active":false,"_monsterinsights_sitenote_note":"","_monsterinsights_sitenote_category":0,"footnotes":""},"class_list":["post-988","page","type-page","status-publish","hentry"],"acf":[],"aioseo_notices":[],"_links":{"self":[{"href":"https:\/\/floova.fr\/index.php?rest_route=\/wp\/v2\/pages\/988","targetHints":{"allow":["GET"]}}],"collection":[{"href":"https:\/\/floova.fr\/index.php?rest_route=\/wp\/v2\/pages"}],"about":[{"href":"https:\/\/floova.fr\/index.php?rest_route=\/wp\/v2\/types\/page"}],"author":[{"embeddable":true,"href":"https:\/\/floova.fr\/index.php?rest_route=\/wp\/v2\/users\/1"}],"replies":[{"embeddable":true,"href":"https:\/\/floova.fr\/index.php?rest_route=%2Fwp%2Fv2%2Fcomments&post=988"}],"version-history":[{"count":16,"href":"https:\/\/floova.fr\/index.php?rest_route=\/wp\/v2\/pages\/988\/revisions"}],"predecessor-version":[{"id":2545,"href":"https:\/\/floova.fr\/index.php?rest_route=\/wp\/v2\/pages\/988\/revisions\/2545"}],"wp:attachment":[{"href":"https:\/\/floova.fr\/index.php?rest_route=%2Fwp%2Fv2%2Fmedia&parent=988"}],"curies":[{"name":"wp","href":"https:\/\/api.w.org\/{rel}","templated":true}]}}